{"id":8719,"date":"2026-04-06T11:23:27","date_gmt":"2026-04-06T11:23:27","guid":{"rendered":"https:\/\/www.tacticalperiodisation.com\/pt\/?page_id=8719"},"modified":"2026-04-15T14:46:04","modified_gmt":"2026-04-15T14:46:04","slug":"formacao-continua-de-padel-criacao-de-ideia-de-jogo-de-padel","status":"publish","type":"page","link":"https:\/\/www.tacticalperiodisation.com\/pt\/formacao-continua-de-padel-criacao-de-ideia-de-jogo-de-padel\/","title":{"rendered":"Forma\u00e7\u00e3o Cont\u00ednua de Padel: Cria\u00e7\u00e3o de uma ideia de jogo de padel"},"content":{"rendered":"<p><div class=\"fusion-fullwidth fullwidth-box fusion-builder-row-1 fusion-flex-container has-pattern-background has-mask-background fusion-parallax-none nonhundred-percent-fullwidth non-hundred-percent-height-scrolling lazyload\" style=\"--awb-background-blend-mode:darken;--awb-border-radius-top-left:0px;--awb-border-radius-top-right:0px;--awb-border-radius-bottom-right:0px;--awb-border-radius-bottom-left:0px;--awb-background-image:linear-gradient(180deg, rgba(17,17,17,0.59) 0%,rgba(17,17,17,0.59) 100%);;--awb-background-size:cover;--awb-flex-wrap:wrap;\" data-bg=\"https:\/\/www.tacticalperiodisation.com\/pt\/wp-content\/uploads\/2026\/04\/A-criacao-de-uma-Ideia-de-Jogo-de-Padel-400x400.jpg\" data-bg-gradient=\"linear-gradient(180deg, rgba(17,17,17,0.59) 0%,rgba(17,17,17,0.59) 100%)\" ><div class=\"fusion-builder-row fusion-row fusion-flex-align-items-flex-start fusion-flex-content-wrap\" style=\"max-width:1332.24px;margin-left: calc(-4% \/ 2 );margin-right: calc(-4% \/ 2 );\"><div class=\"fusion-layout-column fusion_builder_column fusion-builder-column-0 fusion_builder_column_1_1 1_1 fusion-flex-column\" style=\"--awb-bg-size:cover;--awb-width-large:100%;--awb-margin-top-large:10px;--awb-spacing-right-large:1.92%;--awb-margin-bottom-large:10px;--awb-spacing-left-large:1.92%;--awb-width-medium:100%;--awb-order-medium:0;--awb-spacing-right-medium:1.92%;--awb-spacing-left-medium:1.92%;--awb-width-small:100%;--awb-order-small:0;--awb-spacing-right-small:1.92%;--awb-spacing-left-small:1.92%;\"><div class=\"fusion-column-wrapper fusion-column-has-shadow fusion-flex-justify-content-flex-start fusion-content-layout-column\"><div class=\"fusion-title title fusion-title-1 fusion-sep-none fusion-title-center fusion-title-text fusion-title-size-five\" style=\"--awb-text-color:var(--awb-color1);--awb-margin-top:2%;\"><h5 class=\"fusion-title-heading title-heading-center fusion-responsive-typography-calculated\" style=\"font-family:&quot;Montserrat&quot;;font-style:normal;font-weight:400;margin:0;text-transform:capitalize;--fontSize:16;--minFontSize:16;line-height:var(--awb-typography1-line-height);\">PT SPORTS<\/h5><\/div><div class=\"fusion-title title fusion-title-2 fusion-sep-none fusion-title-center fusion-title-text fusion-title-size-one\" style=\"--awb-text-color:var(--awb-color1);--awb-font-size:50px;\"><h1 class=\"fusion-title-heading title-heading-center fusion-responsive-typography-calculated\" style=\"font-family:&quot;Montserrat&quot;;font-style:normal;font-weight:400;margin:0;font-size:1em;text-transform:capitalize;--fontSize:50;line-height:var(--awb-typography1-line-height);\"><h1>Forma\u00e7\u00e3o Cont\u00ednua de Padel<\/h1><\/h1><\/div><div class=\"fusion-title title fusion-title-3 fusion-sep-none fusion-title-center fusion-title-text fusion-title-size-two\" style=\"--awb-text-color:var(--awb-color1);--awb-margin-top:0%;--awb-font-size:30px;\"><h2 class=\"fusion-title-heading title-heading-center fusion-responsive-typography-calculated\" style=\"font-family:&quot;Montserrat&quot;;font-style:normal;font-weight:400;margin:0;font-size:1em;text-transform:capitalize;--fontSize:30;line-height:var(--awb-typography1-line-height);\"><h2>A Cria\u00e7\u00e3o de Uma Ideia de Jogo de Padel<\/h2><\/h2><\/div><div style=\"text-align:center;\"><a class=\"fusion-button button-flat button-medium button-custom fusion-button-default button-1 fusion-button-default-span fusion-button-default-type btn-sliders\" style=\"--button_accent_color:var(--awb-color1);--button_accent_hover_color:var(--awb-color1);--button_border_hover_color:var(--awb-color4);--button_gradient_top_color:var(--awb-color4);--button_gradient_bottom_color:var(--awb-color4);--button_gradient_top_color_hover:var(--awb-color6);--button_gradient_bottom_color_hover:var(--awb-color6);--button_typography-font-family:&quot;Montserrat&quot;;--button_typography-font-style:normal;--button_typography-font-weight:400;width:calc(100%);\" target=\"_blank\" rel=\"noopener noreferrer\" href=\" https:\/\/docs.google.com\/forms\/d\/e\/1FAIpQLSdxapRwY4lYdTlfrorWIAiFpndarYN3qpwT8VUbmxFF6fN5Ng\/viewform\"><span class=\"fusion-button-text\">INSCRI\u00c7\u00d5ES<\/span><\/a><\/div><div class=\"fusion-title title fusion-title-4 fusion-sep-none fusion-title-center fusion-title-text fusion-title-size-six\" style=\"--awb-text-color:var(--awb-color1);--awb-margin-top:1%;--awb-margin-bottom:1%;\"><h6 class=\"fusion-title-heading title-heading-center fusion-responsive-typography-calculated\" style=\"font-family:&quot;Montserrat&quot;;font-style:normal;font-weight:400;margin:0;text-transform:capitalize;--fontSize:14;--minFontSize:14;line-height:var(--awb-typography1-line-height);\"><h6>3 Horas | 0.6UC | 39.90\u20ac<\/h6><\/h6><\/div><div class=\"fusion-image-element \" style=\"text-align:center;--awb-caption-title-font-family:var(--h2_typography-font-family);--awb-caption-title-font-weight:var(--h2_typography-font-weight);--awb-caption-title-font-style:var(--h2_typography-font-style);--awb-caption-title-size:var(--h2_typography-font-size);--awb-caption-title-transform:var(--h2_typography-text-transform);--awb-caption-title-line-height:var(--h2_typography-line-height);--awb-caption-title-letter-spacing:var(--h2_typography-letter-spacing);\"><span class=\" fusion-imageframe imageframe-none imageframe-1 hover-type-none\"><img decoding=\"async\" width=\"200\" height=\"45\" title=\"Logotipo_IPDJ_horizontal\" src=\"https:\/\/www.tacticalperiodisation.com\/pt\/wp-content\/uploads\/2026\/01\/LOGO-IPDJ-branco-Horizontal-scaled.png\" data-orig-src=\"https:\/\/www.tacticalperiodisation.com\/pt\/wp-content\/uploads\/2026\/01\/LOGO-IPDJ-branco-Horizontal-200x45.png\" alt class=\"lazyload img-responsive wp-image-8189\" srcset=\"data:image\/svg+xml,%3Csvg%20xmlns%3D%27http%3A%2F%2Fwww.w3.org%2F2000%2Fsvg%27%20width%3D%272560%27%20height%3D%27571%27%20viewBox%3D%270%200%202560%20571%27%3E%3Crect%20width%3D%272560%27%20height%3D%27571%27%20fill-opacity%3D%220%22%2F%3E%3C%2Fsvg%3E\" data-srcset=\"https:\/\/www.tacticalperiodisation.com\/pt\/wp-content\/uploads\/2026\/01\/LOGO-IPDJ-branco-Horizontal-200x45.png 200w, https:\/\/www.tacticalperiodisation.com\/pt\/wp-content\/uploads\/2026\/01\/LOGO-IPDJ-branco-Horizontal-400x89.png 400w, https:\/\/www.tacticalperiodisation.com\/pt\/wp-content\/uploads\/2026\/01\/LOGO-IPDJ-branco-Horizontal-600x134.png 600w, https:\/\/www.tacticalperiodisation.com\/pt\/wp-content\/uploads\/2026\/01\/LOGO-IPDJ-branco-Horizontal-800x178.png 800w, https:\/\/www.tacticalperiodisation.com\/pt\/wp-content\/uploads\/2026\/01\/LOGO-IPDJ-branco-Horizontal-1200x268.png 1200w\" data-sizes=\"auto\" data-orig-sizes=\"(max-width: 1024px) 100vw, (max-width: 640px) 100vw, 200px\" \/><\/span><\/div><\/div><\/div><\/div><\/div><div class=\"fusion-fullwidth fullwidth-box fusion-builder-row-2 fusion-flex-container has-pattern-background has-mask-background nonhundred-percent-fullwidth non-hundred-percent-height-scrolling\" style=\"--awb-border-radius-top-left:0px;--awb-border-radius-top-right:0px;--awb-border-radius-bottom-right:0px;--awb-border-radius-bottom-left:0px;--awb-padding-top:30px;--awb-flex-wrap:wrap;\" ><div class=\"fusion-builder-row fusion-row fusion-flex-align-items-flex-start fusion-flex-content-wrap\" style=\"max-width:1332.24px;margin-left: calc(-4% \/ 2 );margin-right: calc(-4% \/ 2 );\"><div class=\"fusion-layout-column fusion_builder_column fusion-builder-column-1 fusion_builder_column_1_1 1_1 fusion-flex-column fusion-flex-align-self-flex-start fusion-column-no-min-height\" style=\"--awb-padding-top:20px;--awb-padding-right:74px;--awb-padding-left:74px;--awb-padding-right-small:27px;--awb-padding-left-small:29px;--awb-bg-blend:overlay;--awb-bg-size:cover;--awb-width-large:100%;--awb-margin-top-large:0%;--awb-spacing-right-large:1.92%;--awb-margin-bottom-large:0px;--awb-spacing-left-large:1.92%;--awb-width-medium:100%;--awb-order-medium:0;--awb-spacing-right-medium:1.92%;--awb-spacing-left-medium:1.92%;--awb-width-small:100%;--awb-order-small:0;--awb-spacing-right-small:0%;--awb-spacing-left-small:0%;\" data-scroll-devices=\"small-visibility,medium-visibility,large-visibility\"><div class=\"fusion-column-wrapper fusion-column-has-shadow fusion-flex-justify-content-flex-start fusion-content-layout-column\"><div class=\"accordian fusion-accordian\" style=\"--awb-border-size:1px;--awb-icon-size:14px;--awb-content-font-size:17px;--awb-icon-alignment:left;--awb-hover-color:var(--awb-color1);--awb-border-color:var(--awb-color3);--awb-background-color:var(--awb-color1);--awb-divider-color:var(--awb-color3);--awb-divider-hover-color:var(--awb-color3);--awb-icon-color:var(--awb-color8);--awb-title-color:var(--awb-color8);--awb-content-color:var(--awb-color8);--awb-icon-box-color:var(--awb-color8);--awb-toggle-hover-accent-color:var(--awb-color8);--awb-toggle-active-accent-color:var(--awb-color8);--awb-title-font-family:&quot;Montserrat&quot;;--awb-title-font-weight:400;--awb-title-font-style:normal;--awb-title-font-size:18px;--awb-content-font-family:&quot;Montserrat&quot;;--awb-content-font-style:normal;--awb-content-font-weight:400;\"><div class=\"panel-group fusion-toggle-icon-unboxed\" id=\"accordion-8719-1\"><div class=\"fusion-panel panel-default panel-864bd852252175983 fusion-toggle-no-divider fusion-toggle-boxed-mode\" style=\"--awb-title-font-family:&quot;Montserrat&quot;;--awb-title-font-weight:400;--awb-title-font-style:normal;--awb-title-color:var(--awb-color8);\"><div class=\"panel-heading\"><h4 class=\"panel-title toggle\" id=\"toggle_864bd852252175983\"><a class=\"active\" aria-expanded=\"true\" aria-controls=\"864bd852252175983\" role=\"button\" data-toggle=\"collapse\" data-parent=\"#accordion-8719-1\" data-target=\"#864bd852252175983\" href=\"#864bd852252175983\"><span class=\"fusion-toggle-icon-wrapper\" aria-hidden=\"true\"><i class=\"fa-fusion-box active-icon fa-arrow-circle-down fas\" aria-hidden=\"true\"><\/i><i class=\"fa-fusion-box inactive-icon fa-arrow-circle-right fas\" aria-hidden=\"true\"><\/i><\/span><span class=\"fusion-toggle-heading\">DESTINAT\u00c1RIOS<\/span><\/a><\/h4><\/div><div id=\"864bd852252175983\" class=\"panel-collapse collapse in\" aria-labelledby=\"toggle_864bd852252175983\"><div class=\"panel-body toggle-content fusion-clearfix\">\n<p class=\"p1\">Treinadoras, treinadores, jogadores e jogadoras de Padel de qualquer n\u00edvel, praticantes e amantes da modalidade.<\/p>\n<div class=\"fusion-image-element \" style=\"text-align:center;--awb-caption-title-font-family:var(--h2_typography-font-family);--awb-caption-title-font-weight:var(--h2_typography-font-weight);--awb-caption-title-font-style:var(--h2_typography-font-style);--awb-caption-title-size:var(--h2_typography-font-size);--awb-caption-title-transform:var(--h2_typography-text-transform);--awb-caption-title-line-height:var(--h2_typography-line-height);--awb-caption-title-letter-spacing:var(--h2_typography-letter-spacing);\"><span class=\" fusion-imageframe imageframe-none imageframe-2 hover-type-none\"><img decoding=\"async\" width=\"400\" height=\"400\" title=\"A criac\u0327a\u0303o de uma Ideia de Jogo de Padel\" src=\"https:\/\/www.tacticalperiodisation.com\/pt\/wp-content\/uploads\/2026\/04\/A-criacao-de-uma-Ideia-de-Jogo-de-Padel-scaled.jpg\" data-orig-src=\"https:\/\/www.tacticalperiodisation.com\/pt\/wp-content\/uploads\/2026\/04\/A-criacao-de-uma-Ideia-de-Jogo-de-Padel-400x400.jpg\" alt class=\"lazyload img-responsive wp-image-8720\" srcset=\"data:image\/svg+xml,%3Csvg%20xmlns%3D%27http%3A%2F%2Fwww.w3.org%2F2000%2Fsvg%27%20width%3D%272560%27%20height%3D%272560%27%20viewBox%3D%270%200%202560%202560%27%3E%3Crect%20width%3D%272560%27%20height%3D%272560%27%20fill-opacity%3D%220%22%2F%3E%3C%2Fsvg%3E\" data-srcset=\"https:\/\/www.tacticalperiodisation.com\/pt\/wp-content\/uploads\/2026\/04\/A-criacao-de-uma-Ideia-de-Jogo-de-Padel-200x200.jpg 200w, https:\/\/www.tacticalperiodisation.com\/pt\/wp-content\/uploads\/2026\/04\/A-criacao-de-uma-Ideia-de-Jogo-de-Padel-400x400.jpg 400w, https:\/\/www.tacticalperiodisation.com\/pt\/wp-content\/uploads\/2026\/04\/A-criacao-de-uma-Ideia-de-Jogo-de-Padel-600x600.jpg 600w, https:\/\/www.tacticalperiodisation.com\/pt\/wp-content\/uploads\/2026\/04\/A-criacao-de-uma-Ideia-de-Jogo-de-Padel-800x800.jpg 800w, https:\/\/www.tacticalperiodisation.com\/pt\/wp-content\/uploads\/2026\/04\/A-criacao-de-uma-Ideia-de-Jogo-de-Padel-1200x1200.jpg 1200w\" data-sizes=\"auto\" data-orig-sizes=\"(max-width: 1024px) 100vw, (max-width: 640px) 100vw, 1200px\" \/><\/span><\/div>\n<\/div><\/div><\/div><div class=\"fusion-panel panel-default panel-6bbda33dd10fe183a fusion-toggle-no-divider fusion-toggle-boxed-mode\" style=\"--awb-title-font-family:&quot;Montserrat&quot;;--awb-title-font-weight:400;--awb-title-font-style:normal;--awb-title-color:var(--awb-color8);\"><div class=\"panel-heading\"><h4 class=\"panel-title toggle\" id=\"toggle_6bbda33dd10fe183a\"><a aria-expanded=\"false\" aria-controls=\"6bbda33dd10fe183a\" role=\"button\" data-toggle=\"collapse\" data-parent=\"#accordion-8719-1\" data-target=\"#6bbda33dd10fe183a\" href=\"#6bbda33dd10fe183a\"><span class=\"fusion-toggle-icon-wrapper\" aria-hidden=\"true\"><i class=\"fa-fusion-box active-icon fa-arrow-circle-down fas\" aria-hidden=\"true\"><\/i><i class=\"fa-fusion-box inactive-icon fa-arrow-circle-right fas\" aria-hidden=\"true\"><\/i><\/span><span class=\"fusion-toggle-heading\">FORMATO<\/span><\/a><\/h4><\/div><div id=\"6bbda33dd10fe183a\" class=\"panel-collapse collapse \" aria-labelledby=\"toggle_6bbda33dd10fe183a\"><div class=\"panel-body toggle-content fusion-clearfix\">\n<p class=\"p1\"><strong>Formato:<\/strong>\u00a0Presencial<\/p>\n<p class=\"p1\"><strong>Dura\u00e7\u00e3o:<\/strong> 3 horas<\/p>\n<p class=\"p1\"><strong>Cr\u00e9ditos:<\/strong> 0.6UC para efeitos de renova\u00e7\u00e3o do T\u00edtulo Profissional de Treinador de Desporto (TPTD)<\/p>\n<\/div><\/div><\/div><div class=\"fusion-panel panel-default panel-acbdfa599432c9c6f fusion-toggle-no-divider fusion-toggle-boxed-mode\" style=\"--awb-title-font-family:&quot;Montserrat&quot;;--awb-title-font-weight:400;--awb-title-font-style:normal;--awb-title-color:var(--awb-color8);\"><div class=\"panel-heading\"><h4 class=\"panel-title toggle\" id=\"toggle_acbdfa599432c9c6f\"><a aria-expanded=\"false\" aria-controls=\"acbdfa599432c9c6f\" role=\"button\" data-toggle=\"collapse\" data-parent=\"#accordion-8719-1\" data-target=\"#acbdfa599432c9c6f\" href=\"#acbdfa599432c9c6f\"><span class=\"fusion-toggle-icon-wrapper\" aria-hidden=\"true\"><i class=\"fa-fusion-box active-icon fa-arrow-circle-down fas\" aria-hidden=\"true\"><\/i><i class=\"fa-fusion-box inactive-icon fa-arrow-circle-right fas\" aria-hidden=\"true\"><\/i><\/span><span class=\"fusion-toggle-heading\">O QUE VAIS APRENDER NESTA FORMA\u00c7\u00c3O<\/span><\/a><\/h4><\/div><div id=\"acbdfa599432c9c6f\" class=\"panel-collapse collapse \" aria-labelledby=\"toggle_acbdfa599432c9c6f\"><div class=\"panel-body toggle-content fusion-clearfix\">\n<ul>\n<li>Definir o que \u00e9 jogo e criar uma Ideia de Jogo para cada n\u00edvel<\/li>\n<li>Identificar e corrigir erros comuns na cria\u00e7\u00e3o de uma ideia de jogo.<\/li>\n<li>Criar e experimentar exerc\u00edcios para dar vida a cada Ideia de Jogo.<\/li>\n<\/ul>\n<\/div><\/div><\/div><\/div><\/div><\/div><\/div><\/div><\/div><\/p>\n","protected":false},"excerpt":{"rendered":"","protected":false},"author":1,"featured_media":0,"parent":0,"menu_order":0,"comment_status":"closed","ping_status":"closed","template":"","meta":{"footnotes":""},"class_list":["post-8719","page","type-page","status-publish","hentry"],"aioseo_notices":[],"_links":{"self":[{"href":"https:\/\/www.tacticalperiodisation.com\/pt\/wp-json\/wp\/v2\/pages\/8719","targetHints":{"allow":["GET"]}}],"collection":[{"href":"https:\/\/www.tacticalperiodisation.com\/pt\/wp-json\/wp\/v2\/pages"}],"about":[{"href":"https:\/\/www.tacticalperiodisation.com\/pt\/wp-json\/wp\/v2\/types\/page"}],"author":[{"embeddable":true,"href":"https:\/\/www.tacticalperiodisation.com\/pt\/wp-json\/wp\/v2\/users\/1"}],"replies":[{"embeddable":true,"href":"https:\/\/www.tacticalperiodisation.com\/pt\/wp-json\/wp\/v2\/comments?post=8719"}],"version-history":[{"count":7,"href":"https:\/\/www.tacticalperiodisation.com\/pt\/wp-json\/wp\/v2\/pages\/8719\/revisions"}],"predecessor-version":[{"id":8759,"href":"https:\/\/www.tacticalperiodisation.com\/pt\/wp-json\/wp\/v2\/pages\/8719\/revisions\/8759"}],"wp:attachment":[{"href":"https:\/\/www.tacticalperiodisation.com\/pt\/wp-json\/wp\/v2\/media?parent=8719"}],"curies":[{"name":"wp","href":"https:\/\/api.w.org\/{rel}","templated":true}]}}