{"id":4759,"date":"2024-03-06T17:11:25","date_gmt":"2024-03-06T17:11:25","guid":{"rendered":"https:\/\/www.tacticalperiodisation.com\/pt\/?page_id=4759"},"modified":"2025-07-24T15:29:09","modified_gmt":"2025-07-24T15:29:09","slug":"faq","status":"publish","type":"page","link":"https:\/\/www.tacticalperiodisation.com\/pt\/faq\/","title":{"rendered":"FAQ"},"content":{"rendered":"<div class=\"fusion-fullwidth fullwidth-box fusion-builder-row-1 fusion-flex-container has-pattern-background has-mask-background nonhundred-percent-fullwidth non-hundred-percent-height-scrolling\" style=\"--awb-border-radius-top-left:0px;--awb-border-radius-top-right:0px;--awb-border-radius-bottom-right:0px;--awb-border-radius-bottom-left:0px;--awb-flex-wrap:wrap;--awb-flex-wrap-small:wrap;\" ><div class=\"fusion-builder-row fusion-row fusion-flex-align-items-flex-start fusion-flex-content-wrap\" style=\"max-width:1332.24px;margin-left: calc(-4% \/ 2 );margin-right: calc(-4% \/ 2 );\"><div class=\"fusion-layout-column fusion_builder_column fusion-builder-column-0 fusion_builder_column_1_1 1_1 fusion-flex-column\" style=\"--awb-bg-size:cover;--awb-width-large:100%;--awb-margin-top-large:10px;--awb-spacing-right-large:1.92%;--awb-margin-bottom-large:10px;--awb-spacing-left-large:1.92%;--awb-width-medium:100%;--awb-order-medium:0;--awb-spacing-right-medium:1.92%;--awb-spacing-left-medium:1.92%;--awb-width-small:100%;--awb-order-small:0;--awb-margin-top-small:-50px;--awb-spacing-right-small:1.92%;--awb-spacing-left-small:1.92%;\"><div class=\"fusion-column-wrapper fusion-column-has-shadow fusion-flex-justify-content-flex-start fusion-content-layout-column\"><style type=\"text\/css\">#accordian-1 .fusion-panel:hover,#accordian-1 .fusion-panel.hover{ background-color: var(--awb-color2) } #accordian-1 .fusion-panel { border-color:var(--awb-color3); border-width:1px; background-color:var(--awb-color1); }.fusion-accordian #accordian-1 .panel-title a .fa-fusion-box:before{ font-size: 16px;width: 16px;}.fusion-accordian #accordian-1 .panel-title a .fa-fusion-box{ color: var(--awb-color1);}.fusion-accordian  #accordian-1 .panel-title a{font-family:var(--awb-typography1-font-family);font-weight:var(--awb-typography1-font-weight);font-style:var(--awb-typography1-font-style);}.fusion-accordian  #accordian-1 .panel-title a:not(:hover){}.fusion-accordian  #accordian-1 .toggle-content{font-family:var(--awb-typography4-font-family);font-weight:var(--awb-typography4-font-weight);font-style:var(--awb-typography4-font-style);}.fusion-accordian #accordian-1 .fa-fusion-box { background-color: var(--awb-color7) !important;border-color: var(--awb-color7) !important;}.fusion-accordian #accordian-1 .panel-title a:hover,.fusion-accordian #accordian-1 .panel-title a.hover { color: var(--awb-color4);}.fusion-faq-shortcode .fusion-accordian #accordian-1 .fusion-toggle-boxed-mode:hover .panel-title a { color: var(--awb-color4);}.fusion-accordian #accordian-1 .panel-title .active .fa-fusion-box,.fusion-accordian #accordian-1 .panel-title a:hover .fa-fusion-box,.fusion-accordian #accordian-1 .panel-title a.hover .fa-fusion-box { background-color: var(--awb-color4)!important;border-color: var(--awb-color4)!important;}.fusion-faqs-wrapper .fusion-accordian  #accordian-1 .fusion-panel {padding-right: 1px;padding-left: 1px;}<\/style><div class=\"fusion-faq-shortcode\" style=\"margin-right:-1px;margin-left:-1px;\"><div class=\"fusion-faqs-wrapper\"><div class=\"accordian fusion-accordian\"><div class=\"panel-group \" id=\"accordian-1\"><div class=\"fusion-panel fusion-toggle-no-divider fusion-toggle-boxed-mode panel-default fusion-faq-post fusion-faq-post-4756 \"><span class=\"entry-title rich-snippet-hidden\">PT MEMBERSHIP &#8211; EN<\/span><span class=\"vcard rich-snippet-hidden\"><span class=\"fn\"><a href=\"https:\/\/www.tacticalperiodisation.com\/pt\/author\/admin-periodizacao\/\" title=\"Posts by admin.periodizacao\" rel=\"author\">admin.periodizacao<\/a><\/span><\/span><span class=\"updated rich-snippet-hidden\">2024-03-07T10:18:49+00:00<\/span><div class=\"panel-heading\"><h1 id=\"faq_1-4756\" class=\"panel-title toggle\"><a data-toggle=\"collapse\" class=\"collapsed\" data-parent=\"#accordian-1\" data-target=\"#collapse-1-4756\" href=\"#collapse-1-4756\" aria-expanded=\"false\"><div class=\"fusion-toggle-icon-wrapper\"><div class=\"fusion-toggle-icon-wrapper-main\"><div class=\"fusion-toggle-icon-wrapper-sub\"><i class=\"fa-fusion-box active-icon awb-icon-minus\" aria-hidden=\"true\"><\/i><i class=\"fa-fusion-box inactive-icon awb-icon-plus\" aria-hidden=\"true\"><\/i><\/div><\/div><\/div><div class=\"fusion-toggle-heading\">PT MEMBERSHIP &#8211; EN<\/div><\/a><\/h1><\/div><div id=\"collapse-1-4756\" aria-labelledby=\"faq_1-4756\" class=\"panel-collapse collapse\"><div class=\"panel-body toggle-content post-content\"><div class=\"fusion-fullwidth fullwidth-box fusion-builder-row-1-1 fusion-flex-container has-pattern-background has-mask-background nonhundred-percent-fullwidth non-hundred-percent-height-scrolling\" style=\"--awb-border-radius-top-left:0px;--awb-border-radius-top-right:0px;--awb-border-radius-bottom-right:0px;--awb-border-radius-bottom-left:0px;--awb-padding-top-small:0px;--awb-padding-right-small:-50px;--awb-padding-left-small:-50px;--awb-margin-top-small:0px;--awb-flex-wrap:wrap;\" ><div class=\"fusion-builder-row fusion-row fusion-flex-align-items-flex-start fusion-flex-content-wrap\" style=\"width:104% !important;max-width:104% !important;margin-left: calc(-4% \/ 2 );margin-right: calc(-4% \/ 2 );\"><div class=\"fusion-layout-column fusion_builder_column fusion-builder-column-1 fusion_builder_column_1_1 1_1 fusion-flex-column\" style=\"--awb-padding-right:100px;--awb-padding-left:100px;--awb-padding-right-small:16px;--awb-padding-left-small:24px;--awb-bg-size:cover;--awb-width-large:100%;--awb-margin-top-large:10px;--awb-spacing-right-large:1.92%;--awb-margin-bottom-large:10px;--awb-spacing-left-large:1.92%;--awb-width-medium:100%;--awb-order-medium:0;--awb-spacing-right-medium:1.92%;--awb-spacing-left-medium:1.92%;--awb-width-small:100%;--awb-order-small:0;--awb-spacing-right-small:1.92%;--awb-spacing-left-small:1.92%;\"><div class=\"fusion-column-wrapper fusion-column-has-shadow fusion-flex-justify-content-flex-start fusion-content-layout-column\"><div class=\"fusion-text fusion-text-1 sm-text-align-left\" style=\"--awb-content-alignment:justify;\"><h3>Can members\/students self-manage their membership like they can with a subscription?<\/h3>\n<p>Yes, students will have the ability to upgrade, downgrade, change between monthly or annual pricing, or cancel their subscription from their account. For assistance, students can use our\u00a0student guides.<\/p>\n<h3>Can a member\/student be on multiple tiers at one time?<\/h3>\n<p>No &#8211; students will only be able to enroll in one tier at a time.<\/p>\n<h3>What happens when a payment fails?<\/h3>\n<p>If your payment fails, Teachable will automatically make 3 attempts to charge the student&#8217;s payment option on file. If all attempts fail, student will automatically be unenrolled from the membership.<\/p>\n<h3>What happens when a member-student upgrades their membership?<\/h3>\n<p>Members\/Students who upgrade to a higher tier will be charged at a prorated rate based on the amount they have already paid for that billing cycle. If a student upgrades to a higher tier, and the prorated amount owed for the new tier is greater than $0.99, the student will be navigated to a checkout page to pay the amount owed. If the prorated amount owed for the new tier is less than $0.99, then the student will not be charged for the upgrade during that billing cycle &#8211; they will be charged the full price of the higher tier at their next billing cycle. Students will keep their progress on any products that are included in both products.<\/p>\n<h3>What happens when a member\/student downgrades their membership?<\/h3>\n<p>If a student downgrades to a lower tier, they will retain access to the higher tier until the end of their billing cycle. Students will keep their progress on any products that are included in both products.<\/p>\n<\/div><\/div><\/div><\/div><\/div>\n<\/div><\/div><\/div><div class=\"fusion-panel fusion-toggle-no-divider fusion-toggle-boxed-mode panel-default fusion-faq-post fusion-faq-post-4795 \"><span class=\"entry-title rich-snippet-hidden\">PT MEMBERSHIP &#8211; ES<\/span><span class=\"vcard rich-snippet-hidden\"><span class=\"fn\"><a href=\"https:\/\/www.tacticalperiodisation.com\/pt\/author\/admin-periodizacao\/\" title=\"Posts by admin.periodizacao\" rel=\"author\">admin.periodizacao<\/a><\/span><\/span><span class=\"updated rich-snippet-hidden\">2024-03-07T10:14:05+00:00<\/span><div class=\"panel-heading\"><h1 id=\"faq_1-4795\" class=\"panel-title toggle\"><a data-toggle=\"collapse\" class=\"collapsed\" data-parent=\"#accordian-1\" data-target=\"#collapse-1-4795\" href=\"#collapse-1-4795\" aria-expanded=\"false\"><div class=\"fusion-toggle-icon-wrapper\"><div class=\"fusion-toggle-icon-wrapper-main\"><div class=\"fusion-toggle-icon-wrapper-sub\"><i class=\"fa-fusion-box active-icon awb-icon-minus\" aria-hidden=\"true\"><\/i><i class=\"fa-fusion-box inactive-icon awb-icon-plus\" aria-hidden=\"true\"><\/i><\/div><\/div><\/div><div class=\"fusion-toggle-heading\">PT MEMBERSHIP &#8211; ES<\/div><\/a><\/h1><\/div><div id=\"collapse-1-4795\" aria-labelledby=\"faq_1-4795\" class=\"panel-collapse collapse\"><div class=\"panel-body toggle-content post-content\"><div class=\"fusion-fullwidth fullwidth-box fusion-builder-row-1-2 fusion-flex-container has-pattern-background has-mask-background nonhundred-percent-fullwidth non-hundred-percent-height-scrolling\" style=\"--awb-border-radius-top-left:0px;--awb-border-radius-top-right:0px;--awb-border-radius-bottom-right:0px;--awb-border-radius-bottom-left:0px;--awb-flex-wrap:wrap;\" ><div class=\"fusion-builder-row fusion-row fusion-flex-align-items-flex-start fusion-flex-content-wrap\" style=\"width:104% !important;max-width:104% !important;margin-left: calc(-4% \/ 2 );margin-right: calc(-4% \/ 2 );\"><div class=\"fusion-layout-column fusion_builder_column fusion-builder-column-2 fusion_builder_column_1_1 1_1 fusion-flex-column\" style=\"--awb-padding-right:100px;--awb-padding-left:100px;--awb-padding-right-small:0px;--awb-padding-left-small:1px;--awb-bg-size:cover;--awb-width-large:100%;--awb-margin-top-large:10px;--awb-spacing-right-large:1.92%;--awb-margin-bottom-large:10px;--awb-spacing-left-large:1.92%;--awb-width-medium:100%;--awb-order-medium:0;--awb-spacing-right-medium:1.92%;--awb-spacing-left-medium:1.92%;--awb-width-small:100%;--awb-order-small:0;--awb-spacing-right-small:1.92%;--awb-spacing-left-small:1.92%;\"><div class=\"fusion-column-wrapper fusion-column-has-shadow fusion-flex-justify-content-flex-start fusion-content-layout-column\"><div class=\"fusion-text fusion-text-2\"><h3>\u00bfPodr\u00e1n los estudiantes administrar su tipo de suscripci\u00f3n de PT Membership como lo hacen con una suscripci\u00f3n a un curso?<\/h3>\n<p>S\u00ed, los estudiantes podr\u00e1n subir, bajar de categor\u00eda, optar por&nbsp;pago mensual o anual o cancelar su suscripci\u00f3n.<\/p>\n<h3>\u00bfPuede un estudiante tener varias opciones de suscripci\u00f3n de PT Membership al mismo tiempo?<\/h3>\n<p>No. Cada estudiante solo puede inscribirse en una modalidad de PT Membership a la vez.<\/p>\n<h3>\u00bfQu\u00e9 sucede cuando no se cobra el pago de una suscripci\u00f3n mensual o&nbsp;anual?<\/h3>\n<p>Si el pago del estudiante falla, Teachable realizar\u00e1 autom\u00e1ticamente tres intentos para cobrar la opci\u00f3n de pago registrada del estudiante. Si todos los intentos fallan, la inscripci\u00f3n del&nbsp;estudiante ser\u00e1 cancelada autom\u00e1ticamente.<\/p>\n<h3>\u00bfQu\u00e9 sucede cuando un miembro y\/o estudiante actualiza su tipo de suscripci\u00f3n?<\/h3>\n<p>A los miembros y\/o estudiantes que actualicen a un nivel superior (por ejemplo: de PT Membership Basic a PT Membership PRO) se les cobrar\u00e1 una tarifa prorrateada basada en el monto que ya pagaron en el ciclo de facturaci\u00f3n. Si un estudiante actualiza a un m\u00e9todo de pago superior y el monto pendiente es superior a $0,99, se dirigir\u00e1 al estudiante a una p\u00e1gina de pago para pagar el monto adeudado. Si el monto prorrateado adeudado por un m\u00e9todo de pago es inferior a $0,99, no se le cobrar\u00e1 la actualizaci\u00f3n durante ese ciclo de facturaci\u00f3n; se le cobrar\u00e1 el precio total del nivel superior en el siguiente ciclo de facturaci\u00f3n. Los estudiantes permanecer\u00e1n&nbsp;suscritos a ambos productos.<\/p>\n<h3>\u00bfQu\u00e9 sucede cuando un miembro y\/o estudiante reduce su suscripci\u00f3n de PT Membership?<\/h3>\n<p>Si un estudiante baja a un nivel inferior (por ejemplo, de PT Membership PRO a PT Membership Basic), mantendr\u00e1 el acceso al nivel superior hasta el final del ciclo de pago. El estudiante mantendr\u00e1 el&nbsp;acceso a ambos productos.<\/p>\n<p>&nbsp;<\/p>\n<\/div><\/div><\/div><\/div><\/div>\n<\/div><\/div><\/div><div class=\"fusion-panel fusion-toggle-no-divider fusion-toggle-boxed-mode panel-default fusion-faq-post fusion-faq-post-4799 \"><span class=\"entry-title rich-snippet-hidden\">PT MEMBERSHIP &#8211; PT<\/span><span class=\"vcard rich-snippet-hidden\"><span class=\"fn\"><a href=\"https:\/\/www.tacticalperiodisation.com\/pt\/author\/admin-periodizacao\/\" title=\"Posts by admin.periodizacao\" rel=\"author\">admin.periodizacao<\/a><\/span><\/span><span class=\"updated rich-snippet-hidden\">2024-03-07T10:58:09+00:00<\/span><div class=\"panel-heading\"><h1 id=\"faq_1-4799\" class=\"panel-title toggle\"><a data-toggle=\"collapse\" class=\"collapsed\" data-parent=\"#accordian-1\" data-target=\"#collapse-1-4799\" href=\"#collapse-1-4799\" aria-expanded=\"false\"><div class=\"fusion-toggle-icon-wrapper\"><div class=\"fusion-toggle-icon-wrapper-main\"><div class=\"fusion-toggle-icon-wrapper-sub\"><i class=\"fa-fusion-box active-icon awb-icon-minus\" aria-hidden=\"true\"><\/i><i class=\"fa-fusion-box inactive-icon awb-icon-plus\" aria-hidden=\"true\"><\/i><\/div><\/div><\/div><div class=\"fusion-toggle-heading\">PT MEMBERSHIP &#8211; PT<\/div><\/a><\/h1><\/div><div id=\"collapse-1-4799\" aria-labelledby=\"faq_1-4799\" class=\"panel-collapse collapse\"><div class=\"panel-body toggle-content post-content\"><div class=\"fusion-fullwidth fullwidth-box fusion-builder-row-1-3 fusion-flex-container has-pattern-background has-mask-background nonhundred-percent-fullwidth non-hundred-percent-height-scrolling\" style=\"--awb-border-radius-top-left:0px;--awb-border-radius-top-right:0px;--awb-border-radius-bottom-right:0px;--awb-border-radius-bottom-left:0px;--awb-padding-top-small:0px;--awb-padding-right-small:0px;--awb-padding-bottom-small:0px;--awb-padding-left-small:0px;--awb-margin-top-small:0px;--awb-flex-wrap:wrap;\" ><div class=\"fusion-builder-row fusion-row fusion-flex-align-items-flex-start fusion-flex-content-wrap\" style=\"width:104% !important;max-width:104% !important;margin-left: calc(-4% \/ 2 );margin-right: calc(-4% \/ 2 );\"><div class=\"fusion-layout-column fusion_builder_column fusion-builder-column-3 fusion_builder_column_1_1 1_1 fusion-flex-column\" style=\"--awb-padding-right:24px;--awb-padding-left:24px;--awb-padding-right-small:16px;--awb-padding-left-small:24px;--awb-bg-size:cover;--awb-width-large:100%;--awb-margin-top-large:10px;--awb-spacing-right-large:3.84%;--awb-margin-bottom-large:10px;--awb-spacing-left-large:8.448%;--awb-width-medium:100%;--awb-order-medium:0;--awb-spacing-right-medium:1.92%;--awb-spacing-left-medium:1.92%;--awb-width-small:100%;--awb-order-small:0;--awb-margin-top-small:0px;--awb-spacing-right-small:1.92%;--awb-margin-bottom-small:0px;--awb-spacing-left-small:1.92%;\"><div class=\"fusion-column-wrapper fusion-column-has-shadow fusion-flex-justify-content-flex-start fusion-content-layout-column\"><div class=\"fusion-text fusion-text-3 sm-text-align-left\"><h3>Os alunos poder\u00e3o gerir sua modalidade de subscri\u00e7\u00e3o PT Membership&nbsp;como fazem com uma assinatura de um curso?<\/h3>\n<p>Sim, os alunos poder\u00e3o fazer upgrade, downgrade, optando por&nbsp;pagamento mensal ou anual ou cancelar a sua subscri\u00e7\u00e3o.<\/p>\n<h3>Um aluno pode estar com v\u00e1rias modalidades de subscri\u00e7\u00e3o PT&nbsp;Membership ao mesmo tempo?<\/h3>\n<p>N\u00e3o. Cada aluno s\u00f3 poder\u00e1 inscrever-se numa modalidade PT&nbsp;Membership de cada vez.<\/p>\n<h3>O que \u00e9 que acontece quando falha a cobran\u00e7a de um pagamento de uma&nbsp;subscri\u00e7\u00e3o mensal ou anual?<\/h3>\n<p>Se o pagamento do aluno falhar, o Teachable far\u00e1 automaticamente tr\u00eas tentativas para cobrar a op\u00e7\u00e3o de pagamento registada pelo aluno. Se todas as tentativas falharem, a inscri\u00e7\u00e3o do aluno ser\u00e1&nbsp;automaticamente cancelada.<\/p>\n<h3>O que acontece quando um membro e\/ou aluno atualiza a sua modalidade&nbsp;de subscri\u00e7\u00e3o?<\/h3>\n<p>Os membros e\/ou alunos que fizerem upgrade para uma modalidade superior (por exemplo: de PT Membership Basic Para PT Membership PRO) ser\u00e1 cobrada a uma taxa proporcional com base no valor que j\u00e1 pagaram no ciclo de faturamento. Se um aluno fizer upgrade para uma modalidade de pagamento superior e o valor em falta for superior a US$ 0,99, o aluno ser\u00e1 direcionado para uma p\u00e1gina de checkout para pagar o valor devido. Se o valor proporcional devido para uma modalidade de pagamento for inferior a US$ 0,99, n\u00e3o ser\u00e1 cobrado pelo upgrade durante esse ciclo de faturamento &#8211; ser\u00e1 cobrado o pre\u00e7o total do n\u00edvel superior no pr\u00f3ximo ciclo de faturamento. Os alunos manter-se-\u00e3o com&nbsp;subscri\u00e7\u00e3o em ambos os produtos.<\/p>\n<h3>O que acontece quando um membro e\/ou aluno reduz a sua subscri\u00e7\u00e3o PT&nbsp;Membership?<\/h3>\n<p>Se um aluno fizer downgrade para um n\u00edvel inferior (por exemplo de PT Membership PRO para PT Membership Basic), ele manter-se-\u00e1 com acesso \u00e0 modalidade superior at\u00e9 o final do ciclo de pagamento. O aluno&nbsp;manter-se-\u00e1 com acesso em ambos os produtos.<\/p>\n<\/div><\/div><\/div><\/div><\/div>\n<\/div><\/div><\/div><\/div><\/div><\/div><\/div><\/div><\/div><\/div><\/div>\n","protected":false},"excerpt":{"rendered":"","protected":false},"author":1,"featured_media":0,"parent":0,"menu_order":0,"comment_status":"closed","ping_status":"closed","template":"","meta":{"footnotes":""},"class_list":["post-4759","page","type-page","status-publish","hentry"],"aioseo_notices":[],"_links":{"self":[{"href":"https:\/\/www.tacticalperiodisation.com\/pt\/wp-json\/wp\/v2\/pages\/4759","targetHints":{"allow":["GET"]}}],"collection":[{"href":"https:\/\/www.tacticalperiodisation.com\/pt\/wp-json\/wp\/v2\/pages"}],"about":[{"href":"https:\/\/www.tacticalperiodisation.com\/pt\/wp-json\/wp\/v2\/types\/page"}],"author":[{"embeddable":true,"href":"https:\/\/www.tacticalperiodisation.com\/pt\/wp-json\/wp\/v2\/users\/1"}],"replies":[{"embeddable":true,"href":"https:\/\/www.tacticalperiodisation.com\/pt\/wp-json\/wp\/v2\/comments?post=4759"}],"version-history":[{"count":20,"href":"https:\/\/www.tacticalperiodisation.com\/pt\/wp-json\/wp\/v2\/pages\/4759\/revisions"}],"predecessor-version":[{"id":6380,"href":"https:\/\/www.tacticalperiodisation.com\/pt\/wp-json\/wp\/v2\/pages\/4759\/revisions\/6380"}],"wp:attachment":[{"href":"https:\/\/www.tacticalperiodisation.com\/pt\/wp-json\/wp\/v2\/media?parent=4759"}],"curies":[{"name":"wp","href":"https:\/\/api.w.org\/{rel}","templated":true}]}}