{"id":3409,"date":"2023-04-23T18:46:19","date_gmt":"2023-04-23T18:46:19","guid":{"rendered":"http:\/\/localhost\/tp2\/?page_id=3409"},"modified":"2025-06-05T14:37:34","modified_gmt":"2025-06-05T14:37:34","slug":"tp-certified-trainers","status":"publish","type":"page","link":"https:\/\/www.tacticalperiodisation.com\/pt\/tp-certified-trainers\/","title":{"rendered":"Certified Trainers"},"content":{"rendered":"<p><div class=\"fusion-fullwidth fullwidth-box fusion-builder-row-1 fusion-flex-container has-pattern-background has-mask-background nonhundred-percent-fullwidth non-hundred-percent-height-scrolling\" style=\"--awb-border-radius-top-left:0px;--awb-border-radius-top-right:0px;--awb-border-radius-bottom-right:0px;--awb-border-radius-bottom-left:0px;--awb-flex-wrap:wrap;\" ><div class=\"fusion-builder-row fusion-row fusion-flex-align-items-flex-start fusion-flex-content-wrap\" style=\"max-width:1332.24px;margin-left: calc(-4% \/ 2 );margin-right: calc(-4% \/ 2 );\"><div class=\"fusion-layout-column fusion_builder_column fusion-builder-column-0 fusion_builder_column_1_1 1_1 fusion-flex-column\" style=\"--awb-bg-size:cover;--awb-width-large:100%;--awb-margin-top-large:10px;--awb-spacing-right-large:1.92%;--awb-margin-bottom-large:10px;--awb-spacing-left-large:1.92%;--awb-width-medium:100%;--awb-order-medium:0;--awb-spacing-right-medium:1.92%;--awb-spacing-left-medium:1.92%;--awb-width-small:100%;--awb-order-small:0;--awb-spacing-right-small:1.92%;--awb-spacing-left-small:1.92%;\"><div class=\"fusion-column-wrapper fusion-column-has-shadow fusion-flex-justify-content-flex-start fusion-content-layout-column\"><div class=\"fusion-title title fusion-title-1 fusion-sep-none fusion-title-text fusion-title-size-one\"><h1 class=\"fusion-title-heading title-heading-left fusion-responsive-typography-calculated\" style=\"margin:0;text-transform:capitalize;--fontSize:50;line-height:var(--awb-typography1-line-height);\"><h1 style=\"text-align: center; font-size: 24px;\">Certified Trainers<\/h1><\/h1><\/div><\/div><\/div><div class=\"fusion-layout-column fusion_builder_column fusion-builder-column-1 fusion_builder_column_1_1 1_1 fusion-flex-column\" style=\"--awb-bg-size:cover;--awb-width-large:100%;--awb-margin-top-large:10px;--awb-spacing-right-large:1.92%;--awb-margin-bottom-large:10px;--awb-spacing-left-large:1.92%;--awb-width-medium:100%;--awb-order-medium:0;--awb-spacing-right-medium:1.92%;--awb-spacing-left-medium:1.92%;--awb-width-small:100%;--awb-order-small:0;--awb-spacing-right-small:1.92%;--awb-spacing-left-small:1.92%;\"><div class=\"fusion-column-wrapper fusion-column-has-shadow fusion-flex-justify-content-flex-start fusion-content-layout-column\"><div class=\"fusion-flip-boxes flip-boxes row fusion-columns-3 flip-effect-classic equal-heights\"><div class=\"fusion-flip-box-wrapper fusion-column col-lg-4 col-md-4 col-sm-4\"><div class=\"fusion-flip-box flip-right\" tabindex=\"0\"><div class=\"flip-box-inner-wrapper\"><div class=\"flip-box-front\" style=\"--awb-title-front-color:var(--awb-color1);--awb-text-front-color:var(--awb-color2);--awb-background-image-front:url(&#039;https:\/\/www.tacticalperiodisation.com\/pt\/wp-content\/uploads\/2024\/01\/JORGE-REIS-4.jpeg&#039;);\"><div class=\"flip-box-front-inner\"><h4 class=\"flip-box-heading\">Jorge Reis<\/h4>Tactical Periodisation Main Trainer and Tutor<\/div><\/div><div class=\"flip-box-back\"><div class=\"flip-box-back-inner\"><h3 class=\"flip-box-heading-back\">Jorge Reis<\/h3>\n<p><strong>Currently<\/strong> at FIFA Talent Development Scheme<\/p>\n<p><strong>Training Coordinator:&nbsp;<\/strong>Shandong Taishan FC&nbsp;(China)<\/p>\n<p><strong>Football Coach:&nbsp;<\/strong>FC Sant Quirze,&nbsp;CE Mercantil,&nbsp;AE Josep Maria Gen\u00e9,&nbsp;CP San Crist\u00f3bal&nbsp;(Spain).&nbsp;Le\u00e7a FC,&nbsp;FC Porto,&nbsp;Dragon Force,&nbsp;Leix\u00f5es SC&nbsp;(Portugal)<br \/><strong>Publications: <\/strong>&#8220;<a href=\"https:\/\/www.wook.pt\/livro\/periodizacion-tactica-jorge-couto-reis\/22006707\" target=\"_blank\" rel=\"noopener\">La sustentabilidad del morfociclo patr\u00f3n<\/a>\u201c. Jorge Reis (2018, Castelhano; 2020, Portuguese; 2021 English; 2023, French)<br \/><strong>Research:&nbsp;<\/strong>Revista Treino Cient\u00edfico,&nbsp;The Tactical Room<br \/><strong>Academic Qualifications:&nbsp;<\/strong>University of Porto \u2013 Sports Faculty&nbsp;(focus Football)<br \/>National Institute of Physical Education of Catalonia&nbsp;(Byomedics &amp; FC Barcelona)<\/p>\n<\/div><\/div><\/div><\/div><\/div><div class=\"fusion-flip-box-wrapper fusion-column col-lg-4 col-md-4 col-sm-4\"><div class=\"fusion-flip-box flip-right\" tabindex=\"0\"><div class=\"flip-box-inner-wrapper\"><div class=\"flip-box-front\" style=\"--awb-title-front-color:var(--awb-color1);--awb-text-front-color:var(--awb-color2);--awb-background-image-front:url(&#039;https:\/\/www.tacticalperiodisation.com\/pt\/wp-content\/uploads\/2024\/01\/MIGUEL-LOPES3-scaled.jpg&#039;);\"><div class=\"flip-box-front-inner\"><h4 class=\"flip-box-heading\">Miguel Lopes<\/h4>Tactical Periodisation Main Trainer and Tutor<\/div><\/div><div class=\"flip-box-back\"><div class=\"flip-box-back-inner\"><h3 class=\"flip-box-heading-back\">Miguel Lopes<\/h3>\n<p><strong>Football Coach: <\/strong>FC Porto Sub-17, Vit\u00f3ria SC,&nbsp;Umm-Salal SC&nbsp;(Qatar),&nbsp;SC Espinho,&nbsp;FC Vizela,&nbsp;AD Sanjoanense,&nbsp;FC Penafiel,&nbsp;Padroense FC&nbsp;,&nbsp;Dragon Force&nbsp;,&nbsp;FC Porto,&nbsp;AJEF Hern\u00e2ni Gon\u00e7alves&nbsp;(Portugal)<br \/><strong>Training Coordinator:&nbsp;<\/strong>FC Pa\u00e7os de Ferreira&nbsp;(Portugal)<br \/><strong>Technical Director:&nbsp;<\/strong>Dragon Force&nbsp;(Portugal)<br \/><strong>Academic Qualifications:&nbsp;<\/strong>University of Porto \u2013 Sports Faculty&nbsp;(focus Football)<\/p>\n<\/div><\/div><\/div><\/div><\/div><div class=\"fusion-flip-box-wrapper fusion-column col-lg-4 col-md-4 col-sm-4\"><div class=\"fusion-flip-box flip-right\" tabindex=\"0\"><div class=\"flip-box-inner-wrapper\"><div class=\"flip-box-front\" style=\"--awb-title-front-color:var(--awb-color1);--awb-text-front-color:var(--awb-color2);--awb-background-image-front:url(&#039;https:\/\/www.tacticalperiodisation.com\/pt\/wp-content\/uploads\/2024\/01\/Bruno-Pivetti-2.jpeg&#039;);\"><div class=\"flip-box-front-inner\"><h4 class=\"flip-box-heading\">Bruno Pivetti<\/h4>Football Coach<\/div><\/div><div class=\"flip-box-back\"><div class=\"flip-box-back-inner\"><h3 class=\"flip-box-heading-back\">Bruno Pivetti<\/h3>\n<p><strong>Football Coach:&nbsp;<\/strong>EC Agua Santa, N\u00e1utico, Guarani,<strong>&nbsp;<\/strong>Chapecoense, Tombense, Goi\u00e1s, PFC Ludogorets, EC Vit\u00f3ria, Athletico Paranaense<br \/><strong>Special Moments:&nbsp;<\/strong>U20 Brazilian Championship winner: CA Paranaense<br \/><strong>Publications:&nbsp;<\/strong><i>Periodiza\u00e7\u00e3o T\u00e1tica. O Futebol Arte Alicer\u00e7ado em Crit\u00e9rios \u2013&nbsp;<\/i>Bruno Pivetti (2012, Portugu\u00eas)<b>Academic Qualifications:&nbsp;<\/b>Bachelor\u2019s degree in Sports; Sports and Physical Education School \u2013 S\u00e3o Paulo, Brazil; Exercise Physiology Specialization \u2013 Paulista Medicine School;&nbsp;Sports Management and Marketing MBA \u2013 Trevisan Business School;<\/p>\n<\/div><\/div><\/div><\/div><\/div><div class=\"fusion-flip-box-wrapper fusion-column col-lg-4 col-md-4 col-sm-4\"><div class=\"fusion-flip-box flip-right\" tabindex=\"0\"><div class=\"flip-box-inner-wrapper\"><div class=\"flip-box-front\" style=\"--awb-background-image-front:url(&#039;https:\/\/www.tacticalperiodisation.com\/pt\/wp-content\/uploads\/2024\/01\/Carlos-Campos-1000-1000_2.jpeg&#039;);\"><div class=\"flip-box-front-inner\"><h4 class=\"flip-box-heading\">Carlos Campos<\/h4>Football Coach<\/div><\/div><div class=\"flip-box-back\"><div class=\"flip-box-back-inner\"><h3 class=\"flip-box-heading-back\">Carlos Campos<\/h3>\n<p><strong>Football Coach:&nbsp;<\/strong>FC Famalic\u00e3o, Vit\u00f3ria SC, SC Braga, UD Leiria, Boavista FC, Dragon Force (FC Porto \u2013 Football Schools)<br \/><b>Publications:&nbsp;<\/b>A Justifica\u00e7\u00e3o da Periodiza\u00e7\u00e3o T\u00e1ctica como uma Fenomenot\u00e9cnica (2008)<b><br \/>Academic Qualifications:&nbsp;<\/b>Degree in Physical Education and Sports by University of Porto \u2013 Sports Faculty (focus Football); Degree in Physical Education and Sports by University of Porto \u2013 Sports Faculty (focus Football)<\/p>\n<\/div><\/div><\/div><\/div><\/div><div class=\"fusion-flip-box-wrapper fusion-column col-lg-4 col-md-4 col-sm-4\"><div class=\"fusion-flip-box flip-right\" tabindex=\"0\"><div class=\"flip-box-inner-wrapper\"><div class=\"flip-box-front\" style=\"--awb-background-image-front:url(&#039;https:\/\/www.tacticalperiodisation.com\/pt\/wp-content\/uploads\/2024\/01\/JoaoMario_1000-1000.jpeg&#039;);\"><div class=\"flip-box-front-inner\"><h4 class=\"flip-box-heading\">Jo\u00e3o M\u00e1rio Oliveira<\/h4>Football Coach<\/div><\/div><div class=\"flip-box-back\"><div class=\"flip-box-back-inner\"><h3 class=\"flip-box-heading-back\">Jo\u00e3o M\u00e1rio Oliveira<\/h3>\n<p><strong>Football Coach: <\/strong>SC Braga, Olympiacos,&nbsp;Real Club Celta de Vigo, Sheffield Wednesday FC, Swansea City AFC, Sporting CP, SC Braga, Be\u015fikta\u015f JK, Al Ahli Saudi FC, Al-Wahda FC<br \/><strong>Special Moments:&nbsp;<\/strong>Portuguese League Cup Winner (2007\/2008): Vit\u00f3ria FC<br \/><strong>Publications&nbsp;<\/strong>Soccer: Developing A Know-How \u2013 Carlos Carvalhal, Bruno Lage, Jo\u00e3o M\u00e1rio Oliveira (2014, English)<b><br \/>Academic Qualifications:&nbsp;<\/b>University of Porto \u2013 Sports Faculty (focus Football)<\/p>\n<\/div><\/div><\/div><\/div><\/div><div class=\"fusion-flip-box-wrapper fusion-column col-lg-4 col-md-4 col-sm-4\"><div class=\"fusion-flip-box flip-right\" tabindex=\"0\"><div class=\"flip-box-inner-wrapper\"><div class=\"flip-box-front\" style=\"--awb-background-image-front:url(&#039;https:\/\/www.tacticalperiodisation.com\/pt\/wp-content\/uploads\/2024\/10\/photo-12-scaled.jpg&#039;);\"><div class=\"flip-box-front-inner\"><h4 class=\"flip-box-heading\">Jorge Maciel<\/h4>Football Coach<\/div><\/div><div class=\"flip-box-back\"><div class=\"flip-box-back-inner\"><h3 class=\"flip-box-heading-back\">Jorge Maciel<\/h3>\n<p><strong>Football Coach: <\/strong>Olympique Lyonnais, Valenciennes, Lille Olympique SC, FC Nantes, RC Celta de Vigo, SL Benfica, Al Ittihad Tripoli, Al Dhafra<br \/><strong>Publications:&nbsp;<\/strong>N\u00e3o Deixes Matar o Bom Futebol e Quem o Joga \u2013 Jorge Maciel (2011, Portugu\u00eas)<b><br \/>Academic Qualifications:<\/b>&nbsp;Degree in Physical Education and Sports by University of Porto \u2013 Sports Faculty (focus Football)<\/p>\n<\/div><\/div><\/div><\/div><\/div><div class=\"fusion-flip-box-wrapper fusion-column col-lg-4 col-md-4 col-sm-4\"><div class=\"fusion-flip-box flip-right\" tabindex=\"0\"><div class=\"flip-box-inner-wrapper\"><div class=\"flip-box-front\" style=\"--awb-background-image-front:url(&#039;https:\/\/www.tacticalperiodisation.com\/pt\/wp-content\/uploads\/2024\/01\/JulianTobar-1000-1000.jpeg&#039;);\"><div class=\"flip-box-front-inner\"><h4 class=\"flip-box-heading\">Julian B. Tobar<\/h4>Football Coach<\/div><\/div><div class=\"flip-box-back\"><div class=\"flip-box-back-inner\"><h3 class=\"flip-box-heading-back\">Julian B. Tobar<\/h3>\n<p><strong>Football Coach:&nbsp;<\/strong>Tombense, Chapecoense, Joinville EC, CD Alagoano, CA Paranaense, Tombense FC<br \/><strong>Publications:&nbsp;<\/strong>Periodiza\u00e7\u00e3o T\u00e1ctica Julian Tobar (2018, Portugu\u00eas); La Periodizaci\u00f3n T\u00e1ctica es\u2026 Julian Tobar, (2018, Castelhano)<b><br \/>Academic Qualifications: <\/b>Bachelor\u2019s degree in Physical Education \u2013 Federal University \u2013 Rio Grande do Sul, Brazil<br \/>Studied Physical Education and Sports in University of Porto \u2013 Sports Faculty (focus Football)<\/p>\n<\/div><\/div><\/div><\/div><\/div><div class=\"fusion-flip-box-wrapper fusion-column col-lg-4 col-md-4 col-sm-4\"><div class=\"fusion-flip-box flip-right\" tabindex=\"0\"><div class=\"flip-box-inner-wrapper\"><div class=\"flip-box-front\" style=\"--awb-background-image-front:url(&#039;https:\/\/www.tacticalperiodisation.com\/pt\/wp-content\/uploads\/2024\/01\/nunoamieiro.jpeg&#039;);\"><div class=\"flip-box-front-inner\"><h4 class=\"flip-box-heading\">Nuno Amieiro<\/h4>Football Coach<\/div><\/div><div class=\"flip-box-back\"><div class=\"flip-box-back-inner\"><h3 class=\"flip-box-heading-back\">Nuno Amieiro<\/h3>\n<p><strong>Football Coach:&nbsp;<\/strong>RD \u00c1gueda, GD Gafanha, FC Porto, Sanat Naft, Acad\u00e9mica<br \/><strong>Publications:&nbsp;<\/strong>\u201cDefesa \u00e0 Zona no Futebol. Um pretexto para reflectir sobre o \u00abjogar\u00bb\u2026 bem, ganhando!\u201d \u2013 Nuno Amieiro (Portugu\u00eas); \u201cMourinho \u2013 Porqu\u00ea tantas vit\u00f3rias?\u201d \u2013 Bruno Oliveira, Ricardo Barreto, Nuno Resende e Nuno Amieiro (Portugu\u00eas);<br \/><b>Academic Qualifications:&nbsp;<\/b>Degree in Physical Education and Sports by University of Porto \u2013 Sports Faculty (focus Football)<\/p>\n<\/div><\/div><\/div><\/div><\/div><div class=\"fusion-flip-box-wrapper fusion-column col-lg-4 col-md-4 col-sm-4\"><div class=\"fusion-flip-box flip-right\" tabindex=\"0\"><div class=\"flip-box-inner-wrapper\"><div class=\"flip-box-front\" style=\"--awb-background-image-front:url(&#039;https:\/\/www.tacticalperiodisation.com\/pt\/wp-content\/uploads\/2024\/01\/PedroValdemar-1000-1000-2.jpeg&#039;);\"><div class=\"flip-box-front-inner\"><h4 class=\"flip-box-heading\">Pedro Valdemar<\/h4>Football Coach<\/div><\/div><div class=\"flip-box-back\"><div class=\"flip-box-back-inner\"><h3 class=\"flip-box-heading-back\">Pedro Valdemar<\/h3>\n<p><strong>Football Coach:&nbsp;<\/strong>Vit\u00f3ria SC, Estoril Praia, FC Vizela, FC Penafiel, Boavista FC, AD Fafe, FC Arouca, Moreirense FC<b><br \/>Academic Qualifications:&nbsp;<\/b>Degree in Physical Education and Sports by University of Porto \u2013 Sports Faculty (focus Football)<\/p>\n<\/div><\/div><\/div><\/div><\/div><div class=\"fusion-flip-box-wrapper fusion-column col-lg-4 col-md-4 col-sm-4\"><div class=\"fusion-flip-box flip-right\" tabindex=\"0\"><div class=\"flip-box-inner-wrapper\"><div class=\"flip-box-front\" style=\"--awb-background-image-front:url(&#039;https:\/\/www.tacticalperiodisation.com\/pt\/wp-content\/uploads\/2024\/01\/renato-farinhas-scaled.jpg&#039;);\"><div class=\"flip-box-front-inner\"><h4 class=\"flip-box-heading\">Renato Farinhas<\/h4>Football Coach<\/div><\/div><div class=\"flip-box-back\"><div class=\"flip-box-back-inner\"><h3 class=\"flip-box-heading-back\">Renato Farinhas<\/h3>\n<p><strong>Football Coach:&nbsp;<\/strong>RD \u00c1gueda, FC Pampilhosa, SC Salgueiros, Lusit\u00e2nia de Lourosa, CD Estarreja, UD Oliveirense, CF Uni\u00e3o de Lamas<br \/><b>Academic Qualifications:<\/b>&nbsp;Degree in Physical Education and Sports by University of Porto \u2013 Sports Faculty (focus Football)<\/p>\n<\/div><\/div><\/div><\/div><\/div><div class=\"fusion-flip-box-wrapper fusion-column col-lg-4 col-md-4 col-sm-4\"><div class=\"fusion-flip-box flip-right\" tabindex=\"0\"><div class=\"flip-box-inner-wrapper\"><div class=\"flip-box-front\" style=\"--awb-background-image-front:url(&#039;https:\/\/www.tacticalperiodisation.com\/pt\/wp-content\/uploads\/2024\/01\/rui-lemos.jpg&#039;);\"><div class=\"flip-box-front-inner\"><h4 class=\"flip-box-heading\">Rui S\u00e1 Lemos<\/h4>Football Coach<\/div><\/div><div class=\"flip-box-back\"><div class=\"flip-box-back-inner\"><h3 class=\"flip-box-heading-back\">Rui S\u00e1 Lemos<\/h3>\n<p><strong>Football Coach:<\/strong>FC Vizela, FC Porto, Portimonense SC<br \/><strong>Special Moments:&nbsp;<\/strong>U19 Portuguese League Winner (2); U19 Premier League International Cup winner (2)<b><br \/>Academic Qualifications:<\/b>&nbsp;Degree in Physical Education and Sports by University of Porto \u2013 Sports Faculty (focus Football)<\/p>\n<\/div><\/div><\/div><\/div><\/div><div class=\"fusion-flip-box-wrapper fusion-column col-lg-4 col-md-4 col-sm-4\"><div class=\"fusion-flip-box flip-right\" tabindex=\"0\"><div class=\"flip-box-inner-wrapper\"><div class=\"flip-box-front\" style=\"--awb-background-image-front:url(&#039;https:\/\/www.tacticalperiodisation.com\/pt\/wp-content\/uploads\/2024\/01\/simao_freitas_zimbru_foto_zimbru1739712e_base.jpeg&#039;);\"><div class=\"flip-box-front-inner\"><h4 class=\"flip-box-heading\">Sim\u00e3o Freitas<\/h4>Football Coach<\/div><\/div><div class=\"flip-box-back\"><div class=\"flip-box-back-inner\"><h3 class=\"flip-box-heading-back\">Sim\u00e3o Freitas<\/h3>\n<p><strong>Football Coach:<\/strong> Shandong Luneng Taishan FC, FC Porto, Boavista FC, FC Penafiel, Desportivo Brasil;<b><br \/>Academic Qualifications:<\/b>&nbsp;Degree in Physical Education and Sports by University of Porto \u2013 Sports Faculty (focus Football); PhD in Sports Science by University of Porto;<\/p>\n<\/div><\/div><\/div><\/div><\/div><div class=\"fusion-flip-box-wrapper fusion-column col-lg-4 col-md-4 col-sm-4\"><div class=\"fusion-flip-box flip-right\" tabindex=\"0\"><div class=\"flip-box-inner-wrapper\"><div class=\"flip-box-front\" style=\"--awb-background-image-front:url(&#039;https:\/\/www.tacticalperiodisation.com\/pt\/wp-content\/uploads\/2024\/01\/VitorMatos-1000-1000.jpeg&#039;);\"><div class=\"flip-box-front-inner\"><h4 class=\"flip-box-heading\">Vitor Matos<\/h4>Football Coach<\/div><\/div><div class=\"flip-box-back\"><div class=\"flip-box-back-inner\"><h3 class=\"flip-box-heading-back\">Vitor Matos<\/h3>\n<p><strong>Football Coach:&nbsp;<\/strong>Liverpool FC, FC Porto, Shandong Luneng Taishan FC<br \/><strong>Important Moments:&nbsp;<\/strong>Premier League Winner (2019\/2020): Liverpool FC; UEFA Champions League Winner: Liverpool FC; FIFA Clubs World Cup Winner (2019): Liverpool FC; FA Cup (2021): Liverpool FC;<b><br \/>Academic Qualifications:&nbsp;<\/b>Degree in Physical Education and Sports by University of Porto \u2013 Sports Faculty (focus<br \/>Football)<\/p>\n<\/div><\/div><\/div><\/div><\/div><div class=\"fusion-flip-box-wrapper fusion-column col-lg-4 col-md-4 col-sm-4\"><div class=\"fusion-flip-box flip-right\" tabindex=\"0\"><div class=\"flip-box-inner-wrapper\"><div class=\"flip-box-front\" style=\"--awb-background-image-front:url(&#039;https:\/\/www.tacticalperiodisation.com\/pt\/wp-content\/uploads\/2024\/01\/Vitor-Severino-viainsta-e1683276461773.jpeg&#039;);\"><div class=\"flip-box-front-inner\"><h4 class=\"flip-box-heading\">V\u00edtor Severino<\/h4>Football Coach<\/div><\/div><div class=\"flip-box-back\"><div class=\"flip-box-back-inner\"><h3 class=\"flip-box-heading-back\">V\u00edtor Severino<\/h3>\n<p><strong>Football Coach:&nbsp;<\/strong>Al Nassr,&nbsp;Botafogo, FC Porto, Shakhtar Donestsk, Al-Duhail, Vit\u00f3ria SC<br \/><strong>Special Moments:&nbsp;<\/strong>Qatar Emir Cup Winner: Al-Duhail; Ukrainian League Winner: Shakhtar Donestsk<br \/><b><br \/>Academic Qualifications:<\/b>&nbsp;Degree in Physical Education and Sports Science \u2013 University of Coimbra; Master\u2019s degree in Sports Training for children and youth \u2013 University of Coimbra; PhD in Sports Training \u2013 University of Coimbra;<\/p>\n<\/div><\/div><\/div><\/div><\/div><div class=\"fusion-flip-box-wrapper fusion-column col-lg-4 col-md-4 col-sm-4\"><div class=\"fusion-flip-box flip-right\" tabindex=\"0\"><div class=\"flip-box-inner-wrapper\"><div class=\"flip-box-front\" style=\"--awb-background-image-front:url(&#039;https:\/\/www.tacticalperiodisation.com\/pt\/wp-content\/uploads\/2024\/01\/XavierTamarit-1000-1000.jpeg&#039;);\"><div class=\"flip-box-front-inner\"><h4 class=\"flip-box-heading\">Xavier Tamarit<\/h4>Football Coach<\/div><\/div><div class=\"flip-box-back\"><div class=\"flip-box-back-inner\"><h3 class=\"flip-box-heading-back\">Xavier Tamarit<\/h3>\n<p><strong>Football Coach:&nbsp;<\/strong>C\u00e1diz, Clube Universidad de Chile, CA V\u00e9lez Sarsfield, Southampton FC, Valencia CF, D. Alav\u00e9s, CD Legan\u00e9s, CA Independiente;<br \/><strong>Publica\u00e7\u00f5es:&nbsp;<\/strong>What is Tactical Periodization? \u2013 Xavier Tamarit (2015, Ingl\u00eas); Periodizaci\u00f3n T\u00e1ctica vs Periodizaci\u00f3n T\u00e1ctica: V\u00edtor Frade aclara \u2013 Xavier Tamarit (2013, Castelhano), (2021, Ingl\u00eas);<b><br \/>Academic Qualifications:<\/b>&nbsp;Degree in Physical Activity and Sports by University of Valencia; Master\u2019s degree in High Performance by University of Valencia;<\/p>\n<\/div><\/div><\/div><\/div><\/div><\/div><\/div><\/div><\/div><\/div><div class=\"fusion-fullwidth fullwidth-box fusion-builder-row-2 fusion-flex-container has-pattern-background has-mask-background nonhundred-percent-fullwidth non-hundred-percent-height-scrolling\" style=\"--awb-border-radius-top-left:0px;--awb-border-radius-top-right:0px;--awb-border-radius-bottom-right:0px;--awb-border-radius-bottom-left:0px;--awb-flex-wrap:wrap;\" ><div class=\"fusion-builder-row fusion-row fusion-flex-align-items-flex-start fusion-flex-content-wrap\" style=\"max-width:1332.24px;margin-left: calc(-4% \/ 2 );margin-right: calc(-4% \/ 2 );\"><\/div><\/div><\/p>\n","protected":false},"excerpt":{"rendered":"","protected":false},"author":1,"featured_media":0,"parent":0,"menu_order":0,"comment_status":"closed","ping_status":"closed","template":"","meta":{"footnotes":""},"class_list":["post-3409","page","type-page","status-publish","hentry"],"aioseo_notices":[],"_links":{"self":[{"href":"https:\/\/www.tacticalperiodisation.com\/pt\/wp-json\/wp\/v2\/pages\/3409","targetHints":{"allow":["GET"]}}],"collection":[{"href":"https:\/\/www.tacticalperiodisation.com\/pt\/wp-json\/wp\/v2\/pages"}],"about":[{"href":"https:\/\/www.tacticalperiodisation.com\/pt\/wp-json\/wp\/v2\/types\/page"}],"author":[{"embeddable":true,"href":"https:\/\/www.tacticalperiodisation.com\/pt\/wp-json\/wp\/v2\/users\/1"}],"replies":[{"embeddable":true,"href":"https:\/\/www.tacticalperiodisation.com\/pt\/wp-json\/wp\/v2\/comments?post=3409"}],"version-history":[{"count":76,"href":"https:\/\/www.tacticalperiodisation.com\/pt\/wp-json\/wp\/v2\/pages\/3409\/revisions"}],"predecessor-version":[{"id":6390,"href":"https:\/\/www.tacticalperiodisation.com\/pt\/wp-json\/wp\/v2\/pages\/3409\/revisions\/6390"}],"wp:attachment":[{"href":"https:\/\/www.tacticalperiodisation.com\/pt\/wp-json\/wp\/v2\/media?parent=3409"}],"curies":[{"name":"wp","href":"https:\/\/api.w.org\/{rel}","templated":true}]}}